{"id":39,"date":"2025-01-10T13:17:31","date_gmt":"2025-01-10T12:17:31","guid":{"rendered":"https:\/\/rj-dynamics.pl\/wp\/about\/"},"modified":"2026-01-13T09:47:17","modified_gmt":"2026-01-13T08:47:17","slug":"about","status":"publish","type":"page","link":"https:\/\/rj-dynamics.pl\/wp\/about\/","title":{"rendered":"About"},"content":{"rendered":"\n\n\nO MNIE\n\n\n\n\n\n\n<hr><p>O MNIE<\/p>\n\n<p>Kilka s\u0142\u00f3w o autorzE<\/p>\n<p>Jestem pasjonatem automatyzacji, robotyki i innowacji technologicznych, kt\u00f3re rewolucjonizuj\u0105 wsp\u00f3\u0142czesny przemys\u0142, szczeg\u00f3lnie w dziedzinie nap\u0119d\u00f3w hydraulicznych i pneumatycznych.<\/p>\n<p>Posiadam 15-letnie do\u015bwiadczenie w bran\u017cy uk\u0142ad\u00f3w i nap\u0119d\u00f3w hydraulicznych i pneumatycznych, kt\u00f3re sta\u0142o si\u0119 fundamentem mojej wiedzy i inspiracj\u0105 do dzielenia si\u0119 ni\u0105 z innymi.<\/p>\n<p>Szczeg\u00f3lnie interesuj\u0119 si\u0119 <strong>drukiem 3D<\/strong>, kt\u00f3ry pozwala tworzy\u0107 innowacyjne i niestandardowe rozwi\u0105zania w projektowaniu i produkcji. Ekscytuj\u0105 mnie r\u00f3wnie\u017c mo\u017cliwo\u015bci, jakie daje <strong>robotyzacja<\/strong> \u2013 od automatyzacji prostych zada\u0144 po rozw\u00f3j zaawansowanych system\u00f3w produkcyjnych.<\/p>\n<p>Uwielbiam odkrywa\u0107 nowe zastosowania technologii, takich jak <strong>Internet Rzeczy (IoT)<\/strong>, kt\u00f3re \u0142\u0105cz\u0105 urz\u0105dzenia w inteligentne sieci. Inspiruj\u0105 mnie tak\u017ce systemy hydrauliczne i pneumatyczne, kt\u00f3re od lat stanowi\u0105 fundament w przemy\u015ble, a ja staram si\u0119 wci\u0105\u017c poszerza\u0107 swoj\u0105 wiedz\u0119 w tej dziedzinie.<\/p><p>Dzi\u0119ki tym technologiom mog\u0119 nie tylko rozwija\u0107 swoje umiej\u0119tno\u015bci, ale r\u00f3wnie\u017c dzieli\u0107 si\u0119 wiedz\u0105 i inspirowa\u0107 innych do poznawania fascynuj\u0105cego \u015bwiata innowacji..<\/p>\n\n\n\n\n\n\n\n\n\n\n\n\n\n\n\n\n\n\n\n\n\n\n\n\n\n\n","protected":false},"excerpt":{"rendered":"","protected":false},"author":1,"featured_media":0,"parent":0,"menu_order":0,"comment_status":"closed","ping_status":"closed","template":"","meta":{"pagelayer_contact_templates":[],"_pagelayer_content":"","footnotes":""},"class_list":["post-39","page","type-page","status-publish","hentry"],"_links":{"self":[{"href":"https:\/\/rj-dynamics.pl\/wp\/wp-json\/wp\/v2\/pages\/39","targetHints":{"allow":["GET"]}}],"collection":[{"href":"https:\/\/rj-dynamics.pl\/wp\/wp-json\/wp\/v2\/pages"}],"about":[{"href":"https:\/\/rj-dynamics.pl\/wp\/wp-json\/wp\/v2\/types\/page"}],"author":[{"embeddable":true,"href":"https:\/\/rj-dynamics.pl\/wp\/wp-json\/wp\/v2\/users\/1"}],"replies":[{"embeddable":true,"href":"https:\/\/rj-dynamics.pl\/wp\/wp-json\/wp\/v2\/comments?post=39"}],"version-history":[{"count":5,"href":"https:\/\/rj-dynamics.pl\/wp\/wp-json\/wp\/v2\/pages\/39\/revisions"}],"predecessor-version":[{"id":719,"href":"https:\/\/rj-dynamics.pl\/wp\/wp-json\/wp\/v2\/pages\/39\/revisions\/719"}],"wp:attachment":[{"href":"https:\/\/rj-dynamics.pl\/wp\/wp-json\/wp\/v2\/media?parent=39"}],"curies":[{"name":"wp","href":"https:\/\/api.w.org\/{rel}","templated":true}]}}